{"id":1728,"date":"2017-03-01T09:36:05","date_gmt":"2017-03-01T08:36:05","guid":{"rendered":"http:\/\/www.zens.info\/phot\/en\/?page_id=1728"},"modified":"2025-07-21T18:47:59","modified_gmt":"2025-07-21T17:47:59","slug":"the-sea-remembers-osnabrueck","status":"publish","type":"page","link":"https:\/\/zens.info\/en\/photography\/exhibitions\/the-sea-remembers-osnabrueck\/","title":{"rendered":"The Sea Remembers"},"content":{"rendered":"<p><img loading=\"lazy\" decoding=\"async\" class=\"alignnone wp-image-1675 size-medium\" src=\"https:\/\/zens.info\/en\/wp-content\/uploads\/2012\/10\/121002_polen_054-550x367.jpg\" alt=\"\" width=\"550\" height=\"367\" srcset=\"https:\/\/zens.info\/en\/wp-content\/uploads\/2012\/10\/121002_polen_054.jpg 550w, https:\/\/zens.info\/en\/wp-content\/uploads\/2012\/10\/121002_polen_054-112x75.jpg 112w\" sizes=\"auto, (max-width: 550px) 100vw, 550px\" \/><\/p>\n<h2>The Sea Remembers<\/h2>\n<p>Solo exhibition<br \/>\nMarch 3 &#8211; 18, 2017<\/p>\n<p>Saturday, March 3 at 7pm<br \/>\nReading<br \/>\nIntroduction: Hiltrud Sch\u00e4fer<\/p>\n<p>Tempor\u00e4re Galerie f\u00fcr Fotografie Osnabr\u00fcck<br \/>\nLohstr. 58<br \/>\n49074 Osnabr\u00fcck<br \/>\n<a href=\"http:\/\/www.intervision-net.de\" target=\"_blank\" rel=\"noopener noreferrer\">www.intervision-net.de<\/a><\/p>\n<p>&nbsp;<\/p>\n<p>Review by Tom Bullmann (in German language)<br \/>\n<a href=\"http:\/\/www.noz.de\/lokales\/osnabrueck\/artikel\/860783\/konfrontation-mit-eigener-geschichte-in-pommern#gallery&amp;0&amp;0&amp;860783\" target=\"_blank\" rel=\"noopener noreferrer\">Neue Osnabr\u00fccker Zeitung<\/a><br \/>\nMarch 6, 2017<\/p>\n<p>Das alte Bauernhaus im Nebel, der Angler mit seinem Boot auf einem See im Gegenlicht, der Fuchs, der \u00fcber einen verschneiten Acker schn\u00fcrt, eine Moorlandschaft in bizarren Farben: Die Bilder, die man zurzeit im Intervision-Studio zu sehen bekommt, erinnern an eine Reise in die Vergangenheit&#8230; <a href=\"http:\/\/www.noz.de\/lokales\/osnabrueck\/artikel\/860783\/konfrontation-mit-eigener-geschichte-in-pommern#gallery&amp;0&amp;1&amp;860783\" target=\"_blank\" rel=\"noopener noreferrer\">\u2192 continue to read (external link)<\/a><\/p>\n<p>&nbsp;<\/p>\n<p>Interview on <a href=\"https:\/\/osnabrueckkultur.wordpress.com\/2017\/03\/20\/the-sea-remembers-4\/\" target=\"_blank\" rel=\"noopener noreferrer\">osnabrueck-kultur.de<\/a> (in German language)<br \/>\nMarch 20, 2017<\/p>\n<p><em>Wie ist es zu der Ausstellung THE SEA REMEMBERS gekommen?<\/em><br \/>\nEin guter Freund und Kollege seit vielen Jahren, Wilfried Bohne, Maler, Zeichner und Grafiker (wir haben k\u00fcnstlerisch zusammengearbeitet bei einem Lyrikband und einer CD \u201eLautlos.Regenatem\u201c) kennt meine Arbeiten&#8230;\u00a0 <a href=\"https:\/\/osnabrueckkultur.wordpress.com\/2017\/03\/20\/the-sea-remembers-4\/\" target=\"_blank\" rel=\"noopener noreferrer\">\u2192 continue to read (external link)<\/a><\/p>\n<p>&nbsp;<\/p>\n<nav aria-label=\"breadcrumbs\">\n            <div class=\"breadcrumb-container theme1\">\n                <ol>\n                                    <\/ol>\n            <\/div>\n        <\/nav>    <script type=\"application\/ld+json\">\n        {\n            \"@context\": \"http:\/\/schema.org\",\n            \"@type\": \"BreadcrumbList\",\n            \"itemListElement\": [\n                            ]\n        }\n    <\/script>\n   \n    <script>\n            <\/script>\n\n","protected":false},"excerpt":{"rendered":"<p>Tempor\u00e4re Galerie Osnabr\u00fcck<br \/>\nMarch 3 &#8211; 18, 2017<\/p>\n","protected":false},"author":3,"featured_media":1675,"parent":1697,"menu_order":0,"comment_status":"closed","ping_status":"closed","template":"template-text.php","meta":{"footnotes":""},"tags":[19],"class_list":["post-1728","page","type-page","status-publish","has-post-thumbnail","hentry","tag-exhibition"],"_links":{"self":[{"href":"https:\/\/zens.info\/en\/wp-json\/wp\/v2\/pages\/1728","targetHints":{"allow":["GET"]}}],"collection":[{"href":"https:\/\/zens.info\/en\/wp-json\/wp\/v2\/pages"}],"about":[{"href":"https:\/\/zens.info\/en\/wp-json\/wp\/v2\/types\/page"}],"author":[{"embeddable":true,"href":"https:\/\/zens.info\/en\/wp-json\/wp\/v2\/users\/3"}],"replies":[{"embeddable":true,"href":"https:\/\/zens.info\/en\/wp-json\/wp\/v2\/comments?post=1728"}],"version-history":[{"count":1,"href":"https:\/\/zens.info\/en\/wp-json\/wp\/v2\/pages\/1728\/revisions"}],"predecessor-version":[{"id":4383,"href":"https:\/\/zens.info\/en\/wp-json\/wp\/v2\/pages\/1728\/revisions\/4383"}],"up":[{"embeddable":true,"href":"https:\/\/zens.info\/en\/wp-json\/wp\/v2\/pages\/1697"}],"wp:featuredmedia":[{"embeddable":true,"href":"https:\/\/zens.info\/en\/wp-json\/wp\/v2\/media\/1675"}],"wp:attachment":[{"href":"https:\/\/zens.info\/en\/wp-json\/wp\/v2\/media?parent=1728"}],"wp:term":[{"taxonomy":"post_tag","embeddable":true,"href":"https:\/\/zens.info\/en\/wp-json\/wp\/v2\/tags?post=1728"}],"curies":[{"name":"wp","href":"https:\/\/api.w.org\/{rel}","templated":true}]}}