{"id":3327,"date":"2022-04-07T16:32:44","date_gmt":"2022-04-07T15:32:44","guid":{"rendered":"https:\/\/www.zens.info\/phot\/en\/?page_id=3327"},"modified":"2022-04-26T14:11:42","modified_gmt":"2022-04-26T13:11:42","slug":"krankheit-und-medizin-im-erzaehlten-text-2","status":"publish","type":"page","link":"https:\/\/zens.info\/en\/writing\/books\/krankheit-und-medizin-im-erzaehlten-text-2\/","title":{"rendered":"Krankheit und Medizin im erz\u00e4hlten Text"},"content":{"rendered":"<p><img loading=\"lazy\" decoding=\"async\" class=\"ngg-singlepic ngg-left alignnone wp-image-2139 size-full\" src=\"http:\/\/www.zens.info\/phot\/de\/wp-content\/uploads\/2015\/09\/krankheit_med_text_244.jpg\" alt=\"krankheit_med_text_244\" width=\"244\" height=\"386\" \/><\/p>\n<h2>Rosemarie Henzler (Zens)<br \/>\nKrankheit und Medizin im erz\u00e4hlten Text<\/h2>\n<p>Eine Untersuchung zu Wilhelm Raabes Sp\u00e4twerk<\/p>\n<p>Die wechselseitige Erhellung von Literatur- und Medizingeschichte wird dargelegt in den Ausf\u00fchrungen \u00fcber die Literarisierung der Arzt- und Krankengeschichten.<br \/>\nAngelehnt an Michael Bachtins Dialogik wird eine dem Erz\u00e4hler Raabe eigent\u00fcmliche Art des Sich-Hineinversetzens in andere Personen vorgef\u00fchrt und mit dem verglichen, was man in der heutigen Psychiatrie als Empathie bezeichnet. Es wird gezeigt, wie eine sich verst\u00e4rkende Verinnerlichung der Seh- und Erz\u00e4hlweise und wie zugleich der Distanz schaffende Polyperspektivismus den Beginn der literarischen Moderne markiert. Der Autor Wilhelm Raabe steht mit seinem Sp\u00e4twerk am Ende und Beginn von Entwicklungen, in denen die sich widersprechenden Menschheitsbilder in immer gr\u00f6\u00dferen Spannungsfeldern existieren. In Kontrast zu den Ausgrenzungen psychopathologischer Sujets im \u201eprogrammatischen\u201c Realismus und andererseits in der Distanz zur Wissenschaftsgl\u00e4ubigkeit im Umkreis des Naturalismus weist Raabe mit der \u201esp\u00e4trealistischen\u201c Literarisierung medizinischer Themen auf die Moderne voraus.<\/p>\n<p>(Verlagstext)<\/p>\n<p>&nbsp;<\/p>\n<p>K\u00f6nigshausen &amp; Neumann, W\u00fcrzburg 1990<br \/>\nISBN 3-88479-476-0<\/p>\n<p>&nbsp;<\/p>\n<nav aria-label=\"breadcrumbs\">\n            <div class=\"breadcrumb-container theme1\">\n                <ol>\n                                    <\/ol>\n            <\/div>\n        <\/nav>    <script type=\"application\/ld+json\">\n        {\n            \"@context\": \"http:\/\/schema.org\",\n            \"@type\": \"BreadcrumbList\",\n            \"itemListElement\": [\n                            ]\n        }\n    <\/script>\n   \n    <script>\n            <\/script>\n\n<p>&nbsp;<\/p>\n<p>&nbsp;<\/p>\n","protected":false},"excerpt":{"rendered":"<p>Eine Untersuchung zu Wilhelm Raabes Sp\u00e4twerk<br \/>\n1990<\/p>\n","protected":false},"author":2,"featured_media":3331,"parent":3323,"menu_order":1,"comment_status":"closed","ping_status":"closed","template":"template-text.php","meta":{"footnotes":""},"tags":[68],"class_list":["post-3327","page","type-page","status-publish","has-post-thumbnail","hentry","tag-book_writing"],"_links":{"self":[{"href":"https:\/\/zens.info\/en\/wp-json\/wp\/v2\/pages\/3327","targetHints":{"allow":["GET"]}}],"collection":[{"href":"https:\/\/zens.info\/en\/wp-json\/wp\/v2\/pages"}],"about":[{"href":"https:\/\/zens.info\/en\/wp-json\/wp\/v2\/types\/page"}],"author":[{"embeddable":true,"href":"https:\/\/zens.info\/en\/wp-json\/wp\/v2\/users\/2"}],"replies":[{"embeddable":true,"href":"https:\/\/zens.info\/en\/wp-json\/wp\/v2\/comments?post=3327"}],"version-history":[{"count":0,"href":"https:\/\/zens.info\/en\/wp-json\/wp\/v2\/pages\/3327\/revisions"}],"up":[{"embeddable":true,"href":"https:\/\/zens.info\/en\/wp-json\/wp\/v2\/pages\/3323"}],"wp:featuredmedia":[{"embeddable":true,"href":"https:\/\/zens.info\/en\/wp-json\/wp\/v2\/media\/3331"}],"wp:attachment":[{"href":"https:\/\/zens.info\/en\/wp-json\/wp\/v2\/media?parent=3327"}],"wp:term":[{"taxonomy":"post_tag","embeddable":true,"href":"https:\/\/zens.info\/en\/wp-json\/wp\/v2\/tags?post=3327"}],"curies":[{"name":"wp","href":"https:\/\/api.w.org\/{rel}","templated":true}]}}