{"id":3368,"date":"2022-04-14T15:10:33","date_gmt":"2022-04-14T14:10:33","guid":{"rendered":"https:\/\/www.zens.info\/phot\/en\/?page_id=3368"},"modified":"2023-07-23T21:54:40","modified_gmt":"2023-07-23T20:54:40","slug":"siliziumherz","status":"publish","type":"page","link":"https:\/\/zens.info\/en\/writing\/audio\/siliziumherz\/","title":{"rendered":"Siliziumherz"},"content":{"rendered":"<div class=\"cd\">\n<p><img loading=\"lazy\" decoding=\"async\" class=\"alignnone wp-image-3370\" src=\"https:\/\/www.zens.info\/phot\/en\/wp-content\/uploads\/2022\/04\/Image-Cover-Siliziumherz-550x496.jpeg\" alt=\"\" width=\"233\" height=\"210\" srcset=\"https:\/\/zens.info\/en\/wp-content\/uploads\/2022\/04\/Image-Cover-Siliziumherz-550x496.jpeg 550w, https:\/\/zens.info\/en\/wp-content\/uploads\/2022\/04\/Image-Cover-Siliziumherz-665x600.jpeg 665w, https:\/\/zens.info\/en\/wp-content\/uploads\/2022\/04\/Image-Cover-Siliziumherz-768x692.jpeg 768w, https:\/\/zens.info\/en\/wp-content\/uploads\/2022\/04\/Image-Cover-Siliziumherz-1536x1385.jpeg 1536w, https:\/\/zens.info\/en\/wp-content\/uploads\/2022\/04\/Image-Cover-Siliziumherz-2048x1847.jpeg 2048w\" sizes=\"auto, (max-width: 233px) 100vw, 233px\" \/><\/p>\n<h2>Siliziumherz. Tonbilder<br \/>\nPoesie &amp; Perkussion<\/h2>\n<p>Rosemarie Zens: Lyrik\/ Kurzprosa\/ Stimme<br \/>\nUlrich Moritz: Komposition, Perkussion, Electronics<\/p>\n<p>Konzeption: Rosemarie Zens und Ulrich Moritz<br \/>\nAufnahmeleitung und technische Produktion: <br \/>\nJ\u00fcrgen Heckel, Studio P 2. Berlin<br \/>\nMastering: masterlab Andreas Balaskas, Studio B, Berlin<br \/>\nGestaltung und Layout: <a href=\"http:\/\/www.hennicke-design.de\" target=\"_blank\" rel=\"noopener noreferrer\">www.hennicke-design.de<\/a><\/p>\n<h2>\u00a0<\/h2>\n<h2>Poesie und Perkussion<\/h2>\n<p>Gedichte und Kurzprosa sind Ausgangsmaterial dieses H\u00f6rbuchs. Einige werden f\u00fcr sich gelesen, andere zu musikalischen Tonbildern gestaltet. In diesen fungieren Klang, Inhalte und Strukturen der Texte als Ausl\u00f6ser f\u00fcr die Entwicklung von Klangvorstellungen und von \u00dcberlegungen zu strukturellen Abl\u00e4ufen musikalischer Themen.<br \/>\nDie Herausforderung bestand darin, mit den vorhandenen poetischen Texten musikalisch so umzugehen, dass Komposition und Improvisation nicht nur Entsprechungen zu den Worten darstellen, sondern einen eigenst\u00e4ndigen Charakter erhalten.<br \/>\nManche poetischen Texte f\u00fchren eher zu klanglichen Bildern, manche werden zu rhythmisch konkreten Ideen ausgearbeitet. Es wird versucht, in der Musik Strukturen zu benutzen, die Stimme und Sprache zu Teilen der Musik werden l\u00e4sst. Manchmal legt sich die Stimme wie ein Soloinstrument \u00fcber die Musik, zuweilen wird sie als gleichberechtigter Klang ins Instrumentale hineingewoben.<br \/>\nStimme und Kl\u00e4nge sind akustisch erzeugt und gespielt. W\u00e4hrend Sprache und Musik gleichberechtigt als Rohmaterial benutzt werden, erscheinen diese bisweilen wie \u00fcbereinander gelegte Schichten, die wiederum in sich Ummodulierungen erfahren. In einigen St\u00fccken wird bewusst mit Computertechnik gearbeitet. Aus der Sprache genommene Samples stehen im Dialog mit sich wiederholenden Loops von Musik und Stimme.<br \/>\nDas H\u00f6rbuch \u201eSiliziumherz\u201c zeigt, wie Stimme und Wortpoesie Teil der Komposition werden und wie beiden erneut durch die entstandenen Tonbilder ihre eigenen musikalischen Anteile wieder zugespielt werden.<\/p>\n<p><a href=\"https:\/\/www.zens.info\/phot\/en\/essay\/siliziumherz-the-voice-as-an-instrument-and-inspiration\/\">zum Essay &#8222;Siliziumherz \u2013 The voice as an instrument and inspiration&#8220;<\/a><br \/>\nin: H\u00f6rbuch <em>Silizumherz,<\/em> Booklet, Reprint 2022<\/p>\n<p>&nbsp;<\/p>\n<p>H\u00f6rbeispiele:<\/p>\n<p>Katze. Kupiert<\/p>\n<audio class=\"wp-audio-shortcode\" id=\"audio-3368-1\" preload=\"none\" style=\"width: 100%;\" controls=\"controls\"><source type=\"audio\/mpeg\" src=\"https:\/\/www.zens.info\/phot\/de\/wp-content\/uploads\/2023\/07\/07_Katze_Kupiert.mp3?_=1\" \/><a href=\"https:\/\/www.zens.info\/phot\/de\/wp-content\/uploads\/2023\/07\/07_Katze_Kupiert.mp3\">https:\/\/www.zens.info\/phot\/de\/wp-content\/uploads\/2023\/07\/07_Katze_Kupiert.mp3<\/a><\/audio>\n<p>&nbsp;<\/p>\n<p>Mehrfach \u00fcbermalt<\/p>\n<audio class=\"wp-audio-shortcode\" id=\"audio-3368-2\" preload=\"none\" style=\"width: 100%;\" controls=\"controls\"><source type=\"audio\/mpeg\" src=\"https:\/\/www.zens.info\/phot\/de\/wp-content\/uploads\/2022\/07\/10-Mehrfach-uebermalt.mp3?_=2\" \/><a href=\"https:\/\/www.zens.info\/phot\/de\/wp-content\/uploads\/2022\/07\/10-Mehrfach-uebermalt.mp3\">https:\/\/www.zens.info\/phot\/de\/wp-content\/uploads\/2022\/07\/10-Mehrfach-uebermalt.mp3<\/a><\/audio>\n<p>&nbsp;<\/p>\n<p>Orakel<\/p>\n<audio class=\"wp-audio-shortcode\" id=\"audio-3368-3\" preload=\"none\" style=\"width: 100%;\" controls=\"controls\"><source type=\"audio\/mpeg\" src=\"https:\/\/www.zens.info\/phot\/de\/wp-content\/uploads\/2022\/07\/11-Orakel.mp3?_=3\" \/><a href=\"https:\/\/www.zens.info\/phot\/de\/wp-content\/uploads\/2022\/07\/11-Orakel.mp3\">https:\/\/www.zens.info\/phot\/de\/wp-content\/uploads\/2022\/07\/11-Orakel.mp3<\/a><\/audio>\n<p>&nbsp;<\/p>\n<h2>Review<\/h2>\n<p>Die Lyrik und Kurzprosa von Rosemarie Zens hat mich eingenommen und \u00fcberzeugt durch die Art, wie sie B\u00f6gen zwischen Vergangenheit und Gegenwart, etwa Antike und Moderne spannt; sie umrei\u00dft weite historische Landschaften. Die Gleichzeitigkeit des Verschiedenartigen oder Gegens\u00e4tzlichen erzeugt den unabweisbaren Eindruck von \u201eWelthaltigkeit\u201c. \u2013 Dem entspricht in geradezu erstaunlichem Ma\u00dfe die Perkussion von Ulrich Moritz durch den Einsatz von Kl\u00e4ngen, Rhythmen, Instrumenten verschiedener kultureller Herkunft, dies nun etwa im Sinne von \u201eWeltmusik\u201c. \u2013 Dabei sind Poesie und Perkussion derart mit- und ineinander verwoben, dass sie eine quasi kontrapunktische Einheit bilden, reich an \u00fcberraschenden Neuheiten und Besonderheiten.<\/p>\n<p>(J\u00fcrgen Beckelmann, Berlin 03.06.2004)<\/p>\n<p>&nbsp;<\/p>\n<p><img loading=\"lazy\" decoding=\"async\" class=\"alignnone size-full wp-image-3394\" src=\"https:\/\/www.zens.info\/phot\/en\/wp-content\/uploads\/2022\/04\/im_studio_p2_500.jpg\" alt=\"\" width=\"500\" height=\"280\" \/><\/p>\n<p>\u00a9 Rosemarie Zens (Text &amp; Stimme) \/ Ulrich Moritz (Komposition &amp; Electronics) 2003<br \/>\nCD 42:21 &#8211; Booklet 20 Seiten, Reprint 2022<br \/>\nKontakt: <a title=\"Mail\" href=\"mailto:rozs@zens.info\">rozs@zens.info<\/a><\/p>\n<p>Bestellung \u00fcber \u201e<a title=\"Mail\" href=\"mailto:orderdirekt@gmail.com\">order direkt<\/a>\u201c<br \/>\nPreis: 14,99 \u20ac<\/p>\n<p>&nbsp;<\/p>\n<p>&nbsp;<\/p>\n<nav aria-label=\"breadcrumbs\">\n            <div class=\"breadcrumb-container theme1\">\n                <ol>\n                                    <\/ol>\n            <\/div>\n        <\/nav>    <script type=\"application\/ld+json\">\n        {\n            \"@context\": \"http:\/\/schema.org\",\n            \"@type\": \"BreadcrumbList\",\n            \"itemListElement\": [\n                            ]\n        }\n    <\/script>\n   \n    <script>\n            <\/script>\n\n<\/div>\n","protected":false},"excerpt":{"rendered":"<p>Tonbilder \u00b7 Poesie &#038; Perkussion<br \/>\nAudio book Berlin 2003<br \/>\nBooklet Reprint 2022<\/p>\n","protected":false},"author":2,"featured_media":3393,"parent":875,"menu_order":1,"comment_status":"closed","ping_status":"closed","template":"template-text.php","meta":{"footnotes":""},"tags":[70],"class_list":["post-3368","page","type-page","status-publish","has-post-thumbnail","hentry","tag-audio"],"_links":{"self":[{"href":"https:\/\/zens.info\/en\/wp-json\/wp\/v2\/pages\/3368","targetHints":{"allow":["GET"]}}],"collection":[{"href":"https:\/\/zens.info\/en\/wp-json\/wp\/v2\/pages"}],"about":[{"href":"https:\/\/zens.info\/en\/wp-json\/wp\/v2\/types\/page"}],"author":[{"embeddable":true,"href":"https:\/\/zens.info\/en\/wp-json\/wp\/v2\/users\/2"}],"replies":[{"embeddable":true,"href":"https:\/\/zens.info\/en\/wp-json\/wp\/v2\/comments?post=3368"}],"version-history":[{"count":0,"href":"https:\/\/zens.info\/en\/wp-json\/wp\/v2\/pages\/3368\/revisions"}],"up":[{"embeddable":true,"href":"https:\/\/zens.info\/en\/wp-json\/wp\/v2\/pages\/875"}],"wp:featuredmedia":[{"embeddable":true,"href":"https:\/\/zens.info\/en\/wp-json\/wp\/v2\/media\/3393"}],"wp:attachment":[{"href":"https:\/\/zens.info\/en\/wp-json\/wp\/v2\/media?parent=3368"}],"wp:term":[{"taxonomy":"post_tag","embeddable":true,"href":"https:\/\/zens.info\/en\/wp-json\/wp\/v2\/tags?post=3368"}],"curies":[{"name":"wp","href":"https:\/\/api.w.org\/{rel}","templated":true}]}}