{"id":3380,"date":"2022-04-14T15:20:40","date_gmt":"2022-04-14T14:20:40","guid":{"rendered":"https:\/\/www.zens.info\/phot\/en\/?page_id=3380"},"modified":"2026-03-23T12:43:53","modified_gmt":"2026-03-23T11:43:53","slug":"die-schoene","status":"publish","type":"page","link":"https:\/\/zens.info\/en\/writing\/audio\/die-schoene\/","title":{"rendered":"Die Sch\u00f6ne Das Fortgehen Der Ort"},"content":{"rendered":"<div class=\"cd\">\n<p><img loading=\"lazy\" decoding=\"async\" class=\"alignnone size-full wp-image-3385\" src=\"https:\/\/www.zens.info\/phot\/en\/wp-content\/uploads\/2022\/04\/die_schoene.jpg\" alt=\"\" width=\"400\" height=\"352\" \/><\/p>\n<h2>Die Sch\u00f6ne Das Fortgehen Der Ort<br \/>\nGedichte \u00fcber die andere Nacht<\/h2>\n<p>Rosemarie Zens: Gedichte\/ Stimme<br \/>\nJ\u00fcrgen Heckel: Gitarre<br \/>\nAufnahmeleitung, technische Produktion, Mastering: J\u00fcrgen Heckel, Studio P 2. Berlin<br \/>\nGestaltung und Layout: Annett Both<br \/>\nProduktion: Edition WortOrt, Berlin<\/p>\n<p>&#8218;Von dem H\u00f6rbuch \u201eDie Sch\u00f6ne, Das Fortgehen. Der Ort\u201c bin ich sehr begeistert: abgesehen von der perfekten Aussprache beherrscht Rosemarie Zens einen sehr sch\u00f6nen Rhythmus, ohne an ihm zu kleben&#8230; F\u00fcr mich ist es eigentlich gro\u00dfenteils eine Art Tanz der Stimme.<br \/>\nNat\u00fcrlich kann ich der Assoziations-Tiefe sehr oft inhaltlich nicht folgen, aber darauf kommt es hier nicht an. Das Zusammenspiel mit einem Musikinstrument ist sehr gut gelungen, was alles andere als selbstverst\u00e4ndlich ist (ich kenne da viele Gegenbeispiele auch von Profi-Sprechern&#8230;).&#8216;<\/p>\n<p>Robert Hofmann, M\u00fcnchen 10.11.2006<\/p>\n<p>&nbsp;<\/p>\n<h2>Die Gedichte sind wie Musikst\u00fccke akustische Ereignisse<\/h2>\n<p>(Auszug aus dem Essay im Booklet)<\/p>\n<p>Sie haben Anfang, Mittelteil und Schluss, einen Ablauf, eine Zeitgebundenheit. Und w\u00e4hrend Buchstaben an Buchstaben auf dem Papier einander folgen, um den Laut zu notieren, bleiben Klang und Rhythmus nur erahnbar. Von der eigenen inneren Stimme des Lesers. Oder von der Stimme des Sprechers erfahrbar gemacht, die sich Zugriffen auf Deutungszusammenh\u00e4nge entzieht, auf die es dennoch ankommt:<\/p>\n<p>Die Sehnsucht der Sprache wieder Klang zu werden.<br \/>\nDie Sehnsucht der Musik verstehbar zu werden.<\/p>\n<p><a href=\"https:\/\/www.zens.info\/phot\/en\/essay\/die-andere-nacht\/\">zum Essay &#8222;Gedichte \u00fcber die andere Nacht&#8220;<\/a><\/p>\n<p>&nbsp;<\/p>\n<p>Impressum: \u00a9 Rosemarie Zens (Gedichte)\/ J\u00fcrgen Heckel (Gitarre) 2006<br \/>\nH\u00f6rbuch 29:03 &#8211; Booklet 20 Seiten<br \/>\nKontakt: <a title=\"Mail\" href=\"mailto:rozs@zens.info\">rozs@zens.info<\/a>, <a title=\"Mail\" href=\"mailto:j.heckel@gmx.de\">j.heckel@gmx.de<\/a> \/ <a href=\"http:\/\/www.studiop2.de\" target=\"_blank\" rel=\"noopener noreferrer\">www.studiop2.de<\/a><\/p>\n<p>Bestellung \u00fcber \u201e<a title=\"Mail\" href=\"mailto:orderdirekt@gmail.com\">order direkt<\/a>\u201c<br \/>\nPreis: 14,99 \u20ac<\/p>\n<p>&nbsp;<\/p>\n<p>H\u00f6rbeispiele:<\/p>\n<p>Isl\u00e4ndische Sage<\/p>\n<audio class=\"wp-audio-shortcode\" id=\"audio-3380-1\" preload=\"none\" style=\"width: 100%;\" controls=\"controls\"><source type=\"audio\/mpeg\" src=\"https:\/\/www.zens.info\/phot\/de\/wp-content\/uploads\/2023\/07\/05_05_Wege_nach_islaendischer_Sage.mp3?_=1\" \/><a href=\"https:\/\/www.zens.info\/phot\/de\/wp-content\/uploads\/2023\/07\/05_05_Wege_nach_islaendischer_Sage.mp3\">https:\/\/www.zens.info\/phot\/de\/wp-content\/uploads\/2023\/07\/05_05_Wege_nach_islaendischer_Sage.mp3<\/a><\/audio>\n<p>&nbsp;<\/p>\n<p>Inschrift<\/p>\n<audio class=\"wp-audio-shortcode\" id=\"audio-3380-2\" preload=\"none\" style=\"width: 100%;\" controls=\"controls\"><source type=\"audio\/mpeg\" src=\"https:\/\/www.zens.info\/phot\/de\/wp-content\/uploads\/2023\/07\/16_16_Inschrift.mp3?_=2\" \/><a href=\"https:\/\/www.zens.info\/phot\/de\/wp-content\/uploads\/2023\/07\/16_16_Inschrift.mp3\">https:\/\/www.zens.info\/phot\/de\/wp-content\/uploads\/2023\/07\/16_16_Inschrift.mp3<\/a><\/audio>\n<p>&nbsp;<\/p>\n<p>Rosetta<\/p>\n<audio class=\"wp-audio-shortcode\" id=\"audio-3380-3\" preload=\"none\" style=\"width: 100%;\" controls=\"controls\"><source type=\"audio\/mpeg\" src=\"https:\/\/www.zens.info\/phot\/de\/wp-content\/uploads\/2023\/07\/24_24_Rosetta.mp3?_=3\" \/><a href=\"https:\/\/www.zens.info\/phot\/de\/wp-content\/uploads\/2023\/07\/24_24_Rosetta.mp3\">https:\/\/www.zens.info\/phot\/de\/wp-content\/uploads\/2023\/07\/24_24_Rosetta.mp3<\/a><\/audio>\n<p>&nbsp;<\/p>\n<p>Vielleicht<\/p>\n<audio class=\"wp-audio-shortcode\" id=\"audio-3380-4\" preload=\"none\" style=\"width: 100%;\" controls=\"controls\"><source type=\"audio\/mpeg\" src=\"https:\/\/www.zens.info\/phot\/de\/wp-content\/uploads\/2023\/07\/27_27_Vielleicht.mp3?_=4\" \/><a href=\"https:\/\/www.zens.info\/phot\/de\/wp-content\/uploads\/2023\/07\/27_27_Vielleicht.mp3\">https:\/\/www.zens.info\/phot\/de\/wp-content\/uploads\/2023\/07\/27_27_Vielleicht.mp3<\/a><\/audio>\n<p>&nbsp;<\/p>\n<nav aria-label=\"breadcrumbs\">\n            <div class=\"breadcrumb-container theme1\">\n                <ol>\n                                    <\/ol>\n            <\/div>\n        <\/nav>    <script type=\"application\/ld+json\">\n        {\n            \"@context\": \"http:\/\/schema.org\",\n            \"@type\": \"BreadcrumbList\",\n            \"itemListElement\": [\n                            ]\n        }\n    <\/script>\n   \n    <script>\n            <\/script>\n\n<\/div>\n","protected":false},"excerpt":{"rendered":"<p>Gedichte \u00fcber die andere Nacht<br \/>\nEdition WortOrt, Berlin<br \/>\nH\u00f6rbuch 2006<\/p>\n","protected":false},"author":2,"featured_media":3385,"parent":875,"menu_order":1,"comment_status":"closed","ping_status":"closed","template":"template-text.php","meta":{"footnotes":""},"tags":[70],"class_list":["post-3380","page","type-page","status-publish","has-post-thumbnail","hentry","tag-audio"],"_links":{"self":[{"href":"https:\/\/zens.info\/en\/wp-json\/wp\/v2\/pages\/3380","targetHints":{"allow":["GET"]}}],"collection":[{"href":"https:\/\/zens.info\/en\/wp-json\/wp\/v2\/pages"}],"about":[{"href":"https:\/\/zens.info\/en\/wp-json\/wp\/v2\/types\/page"}],"author":[{"embeddable":true,"href":"https:\/\/zens.info\/en\/wp-json\/wp\/v2\/users\/2"}],"replies":[{"embeddable":true,"href":"https:\/\/zens.info\/en\/wp-json\/wp\/v2\/comments?post=3380"}],"version-history":[{"count":1,"href":"https:\/\/zens.info\/en\/wp-json\/wp\/v2\/pages\/3380\/revisions"}],"predecessor-version":[{"id":4585,"href":"https:\/\/zens.info\/en\/wp-json\/wp\/v2\/pages\/3380\/revisions\/4585"}],"up":[{"embeddable":true,"href":"https:\/\/zens.info\/en\/wp-json\/wp\/v2\/pages\/875"}],"wp:featuredmedia":[{"embeddable":true,"href":"https:\/\/zens.info\/en\/wp-json\/wp\/v2\/media\/3385"}],"wp:attachment":[{"href":"https:\/\/zens.info\/en\/wp-json\/wp\/v2\/media?parent=3380"}],"wp:term":[{"taxonomy":"post_tag","embeddable":true,"href":"https:\/\/zens.info\/en\/wp-json\/wp\/v2\/tags?post=3380"}],"curies":[{"name":"wp","href":"https:\/\/api.w.org\/{rel}","templated":true}]}}