{"id":3389,"date":"2022-04-14T15:00:12","date_gmt":"2022-04-14T14:00:12","guid":{"rendered":"https:\/\/www.zens.info\/phot\/en\/?page_id=3389"},"modified":"2023-07-23T22:00:51","modified_gmt":"2023-07-23T21:00:51","slug":"lautlos","status":"publish","type":"page","link":"https:\/\/zens.info\/en\/writing\/audio\/lautlos\/","title":{"rendered":"Lautlos. Regenatem"},"content":{"rendered":"<div class=\"cd\">\n<p><img loading=\"lazy\" decoding=\"async\" class=\"alignnone size-full wp-image-3386\" src=\"https:\/\/www.zens.info\/phot\/en\/wp-content\/uploads\/2022\/04\/lautlos.jpg\" alt=\"\" width=\"400\" height=\"352\" \/><\/p>\n<h2>Lautlos. Regenatem<br \/>\nK\u00fcnstlerportrait<\/h2>\n<p>Rosemarie Zens: Gedichte \/ Gesprochenes Wort<\/p>\n<p>Friedemann Graef: Komposition, Bassklarinette, Tenorsaxophon, Sopransaxophon<br \/>\nUlrich Moritz: Perkussion, Esther Kaiser: Gesang, J\u00f6rg Schippa: Gitarre<br \/>\nWilfried Bohne: Cover, Holzschnitt<br \/>\nDigital editored mastering: Johannes von Wrochem, J\u00fcrgen Heckel, Studio P2. Berlin<br \/>\nCD Gestaltung &amp; Herstellung (inkl. Booklet): cop Werbeagentur GmbH, Salzburg<br \/>\nImpressum: ISBN 3-926677-39-2 \u00a9 aphaia acoustics 2003<\/p>\n<p>&nbsp;<\/p>\n<p>&#8218;Ein intimer Rahmen, musikalische Blicke nach innen. Wir treffen auf Kl\u00e4nge, Melodien, Rhythmen, die wir schon kennen, aber in diesem Moment, bei dieser Auff\u00fchrung im Gegen\u00fcber mit den Texten neu zerteilen, verformen, anders wieder zusammensetzen. Daraus entstehen neue Ideen, Ausfl\u00fcge, kleine Abenteuer. Wir w\u00fchlen in unserer Schatzkiste und in dem Augenblick, in dem wir die Sch\u00e4tze zeigen wollen, verwandeln sie sich in unseren H\u00e4nden.&#8216; <em>Friedemann Graef (sax.)<\/p>\n<p><\/em>&#8218;Wort \/ Melodie<br \/>\nKlang \/ Rhythmus<br \/>\nWort-Melodie \/ Klang-Rhythmus<br \/>\nWort-Rhythmus \/ Klang-Melodie<\/p>\n<p>Ein Spiel mit Vokalen und Konsonanten, im lyrischen, wie im musikalischen Sinne.Ein Wechselspiel aus Weichheit und H\u00e4rte, Harmonik und Atonalit\u00e4t, Sch\u00f6nklang und Reibung &#8230; Ein Wechselspiel von Interpretation und Improvisation. Jedes Gedicht und jede Vertonung eine neue Welt, ein Wagnis, ein Kleinod und eine Reise mit dem Ziel, Musik und Wort zu ersp\u00fcren und eins werden zu lassen.&#8216; <em>Esther Kaiser (voc.)<\/p>\n<p>\n<\/em>&#8218;Sanft melancholisch vor allem die Zeit reflektierend offenbaren die Gedichte ihre Sch\u00f6nheit schrittweise und gewinnen beim Mehrfachlesen vor allem deshalb, weil sie der Wortgruppe und dem einzelnen Wort vertrauen. An den oft sehr kurzen, auf den ersten Blick spartanischen Gebilden f\u00e4llt ein Kunstgriff immer wieder ins Auge: ein Wort oder eine Wortgruppe wird zwischen zwei S\u00e4tzen gestellt, zu denen es oder sie dann gleichzeitig geh\u00f6rt. Das Verfahren der Worteinsparung, der Apokoinu, erm\u00f6glicht es, wenige Worte zu machen und doch viel, auch Widerspr\u00fcchliches zu sagen. Darin liegt der besondere Reiz der fein gearbeiteten Lyrik.&#8216; <em>Grit Kalies (Leipzig Almanach)<\/em><\/p>\n<p>CD 57:36 inklusive Booklet mit 16 Seiten<br \/>\nBestellung \u00fcber \u201e<a title=\"Mail\" href=\"mailto:orderdirekt@gmail.com\">order direkt<\/a>\u201c<br \/>\nPreis: 14,99 \u20ac<\/p>\n<p>&nbsp;<\/p>\n<p>H\u00f6rbeispiele:<\/p>\n<p>Elementar<\/p>\n<audio class=\"wp-audio-shortcode\" id=\"audio-3389-1\" preload=\"none\" style=\"width: 100%;\" controls=\"controls\"><source type=\"audio\/mpeg\" src=\"https:\/\/www.zens.info\/phot\/de\/wp-content\/uploads\/2023\/07\/2_elementar.mp3?_=1\" \/><a href=\"https:\/\/www.zens.info\/phot\/de\/wp-content\/uploads\/2023\/07\/2_elementar.mp3\">https:\/\/www.zens.info\/phot\/de\/wp-content\/uploads\/2023\/07\/2_elementar.mp3<\/a><\/audio>\n<p>&nbsp;<\/p>\n<p>RegenAtem IV<\/p>\n<audio class=\"wp-audio-shortcode\" id=\"audio-3389-2\" preload=\"none\" style=\"width: 100%;\" controls=\"controls\"><source type=\"audio\/mpeg\" src=\"https:\/\/www.zens.info\/phot\/de\/wp-content\/uploads\/2023\/07\/07_RegenAtem_IV.mp3?_=2\" \/><a href=\"https:\/\/www.zens.info\/phot\/de\/wp-content\/uploads\/2023\/07\/07_RegenAtem_IV.mp3\">https:\/\/www.zens.info\/phot\/de\/wp-content\/uploads\/2023\/07\/07_RegenAtem_IV.mp3<\/a><\/audio>\n<p>&nbsp;<\/p>\n<p>\u00dcberg\u00e4nge<\/p>\n<audio class=\"wp-audio-shortcode\" id=\"audio-3389-3\" preload=\"none\" style=\"width: 100%;\" controls=\"controls\"><source type=\"audio\/mpeg\" src=\"http:\/\/www.zens.info\/phot\/de\/audio\/08_uebergaenge.mp3?_=3\" \/><a href=\"http:\/\/www.zens.info\/phot\/de\/audio\/08_uebergaenge.mp3\">http:\/\/www.zens.info\/phot\/de\/audio\/08_uebergaenge.mp3<\/a><\/audio>\n<p>&nbsp;<\/p>\n<nav aria-label=\"breadcrumbs\">\n            <div class=\"breadcrumb-container theme1\">\n                <ol>\n                                    <\/ol>\n            <\/div>\n        <\/nav>    <script type=\"application\/ld+json\">\n        {\n            \"@context\": \"http:\/\/schema.org\",\n            \"@type\": \"BreadcrumbList\",\n            \"itemListElement\": [\n                            ]\n        }\n    <\/script>\n   \n    <script>\n            <\/script>\n\n<p>&nbsp;<\/p>\n<\/div>\n","protected":false},"excerpt":{"rendered":"<p>K\u00fcnstlerportrait<br \/>\nH\u00f6rbuch Berlin 2002<\/p>\n","protected":false},"author":2,"featured_media":3386,"parent":875,"menu_order":1,"comment_status":"closed","ping_status":"closed","template":"template-text.php","meta":{"footnotes":""},"tags":[70],"class_list":["post-3389","page","type-page","status-publish","has-post-thumbnail","hentry","tag-audio"],"_links":{"self":[{"href":"https:\/\/zens.info\/en\/wp-json\/wp\/v2\/pages\/3389","targetHints":{"allow":["GET"]}}],"collection":[{"href":"https:\/\/zens.info\/en\/wp-json\/wp\/v2\/pages"}],"about":[{"href":"https:\/\/zens.info\/en\/wp-json\/wp\/v2\/types\/page"}],"author":[{"embeddable":true,"href":"https:\/\/zens.info\/en\/wp-json\/wp\/v2\/users\/2"}],"replies":[{"embeddable":true,"href":"https:\/\/zens.info\/en\/wp-json\/wp\/v2\/comments?post=3389"}],"version-history":[{"count":0,"href":"https:\/\/zens.info\/en\/wp-json\/wp\/v2\/pages\/3389\/revisions"}],"up":[{"embeddable":true,"href":"https:\/\/zens.info\/en\/wp-json\/wp\/v2\/pages\/875"}],"wp:featuredmedia":[{"embeddable":true,"href":"https:\/\/zens.info\/en\/wp-json\/wp\/v2\/media\/3386"}],"wp:attachment":[{"href":"https:\/\/zens.info\/en\/wp-json\/wp\/v2\/media?parent=3389"}],"wp:term":[{"taxonomy":"post_tag","embeddable":true,"href":"https:\/\/zens.info\/en\/wp-json\/wp\/v2\/tags?post=3389"}],"curies":[{"name":"wp","href":"https:\/\/api.w.org\/{rel}","templated":true}]}}