{"id":3400,"date":"2022-04-26T15:06:04","date_gmt":"2022-04-26T14:06:04","guid":{"rendered":"https:\/\/www.zens.info\/phot\/en\/?page_id=3400"},"modified":"2025-09-12T11:09:58","modified_gmt":"2025-09-12T10:09:58","slug":"zugezogen-book","status":"publish","type":"page","link":"https:\/\/zens.info\/en\/writing\/books\/zugezogen-book\/","title":{"rendered":"Zugezogen"},"content":{"rendered":"<p>&nbsp;<\/p>\n<p><img loading=\"lazy\" decoding=\"async\" class=\"alignnone wp-image-3413 size-full\" src=\"https:\/\/zens.info\/en\/wp-content\/uploads\/2022\/04\/Zens_Schieb_RZ.png\" alt=\"\" width=\"550\" height=\"396\" \/><\/p>\n<p>&nbsp;<\/p>\n<p>Roswitha Schieb | Rosemarie Zens (Hg.)<\/p>\n<h2>Zugezogen<br \/>\nFlucht und Vertreibung \u2013 Erinnerungen der zweiten Generation<\/h2>\n<p>Mit einem Vorwort von Andreas Kossert <a href=\"http:\/\/www.zens.info\/phot\/de\/wp-content\/uploads\/2016\/10\/Kossert_Vorwort_Zugezogen.pdf\" target=\"_blank\" rel=\"noopener noreferrer\">(\u2192 PDF)<\/a><\/p>\n<p>Die Zahl der deutschen Vertriebenen und Fl\u00fcchtlinge um 1945 betrug mehr als zehn Millionen Menschen. Auch in anderen L\u00e4ndern, allen voran Polen, gab es einige Millionen Vertriebene. Die Zahl der zwischen 1945 und etwa 1970 in solchen Fl\u00fcchtlings- und Vertriebenenfamilien Geborenen, die sogenannte \u00bbzweite Generation der Vertriebenen\u00ab, ist entsprechend gro\u00df.<br \/>\nDiese Anthologie beruht auf vielen Gespr\u00e4chen mit Vertretern der \u00bbzweiten Generation\u00ab aus Deutschland und Polen. Es geht um die Bedeutung der verlorenen Heimat der Eltern f\u00fcr das eigene Leben, f\u00fcr die eigene Identit\u00e4t, \u00fcber lange nicht begriffene Erfahrungen von Fremdsein und Ausgrenzung.<br \/>\nOft \u00fcbten die plastisch berichteten oder umgekehrt die unterdr\u00fcckten Erinnerungen der Eltern eine solche Kraft aus, dass sie die Verwurzelung der Kinder an den neuen Lebensorten erschwerten und traumatische Erfahrungen unbewusst auf die Nachkommen \u00fcbertragen wurden. Die Texte in ihren vielf\u00e4ltigen Formen von Essay, Interview, Gedicht, Bericht und Kurzprosa zeugen aber auch von der \u00dcberwindung der elterlichen Erinnerungslasten und gelungener Selbstbestimmung.<br \/>\n(Verlagstext)<\/p>\n<p>200 Seiten, Festeinband<br \/>\n\u20ac 42,90<br \/>\nISBN 978-3-506-78570-1<br \/>\nBrill \/ Sch\u00f6ningh (2016)<\/p>\n<p>Order at <a href=\"https:\/\/brill.com\/search?q1=Zugezogen\">Brill.com\u00a0<\/a>or at any bookstore<\/p>\n<nav aria-label=\"breadcrumbs\">\n            <div class=\"breadcrumb-container theme1\">\n                <ol>\n                                    <\/ol>\n            <\/div>\n        <\/nav>    <script type=\"application\/ld+json\">\n        {\n            \"@context\": \"http:\/\/schema.org\",\n            \"@type\": \"BreadcrumbList\",\n            \"itemListElement\": [\n                            ]\n        }\n    <\/script>\n   \n    <script>\n            <\/script>\n\n","protected":false},"excerpt":{"rendered":"<p>Flucht und Vertreibung \u2013 Erinnerungen der zweiten Generation<br \/>\n2016<\/p>\n","protected":false},"author":2,"featured_media":3414,"parent":3323,"menu_order":1,"comment_status":"closed","ping_status":"closed","template":"template-text.php","meta":{"footnotes":""},"tags":[68],"class_list":["post-3400","page","type-page","status-publish","has-post-thumbnail","hentry","tag-book_writing"],"_links":{"self":[{"href":"https:\/\/zens.info\/en\/wp-json\/wp\/v2\/pages\/3400","targetHints":{"allow":["GET"]}}],"collection":[{"href":"https:\/\/zens.info\/en\/wp-json\/wp\/v2\/pages"}],"about":[{"href":"https:\/\/zens.info\/en\/wp-json\/wp\/v2\/types\/page"}],"author":[{"embeddable":true,"href":"https:\/\/zens.info\/en\/wp-json\/wp\/v2\/users\/2"}],"replies":[{"embeddable":true,"href":"https:\/\/zens.info\/en\/wp-json\/wp\/v2\/comments?post=3400"}],"version-history":[{"count":3,"href":"https:\/\/zens.info\/en\/wp-json\/wp\/v2\/pages\/3400\/revisions"}],"predecessor-version":[{"id":4465,"href":"https:\/\/zens.info\/en\/wp-json\/wp\/v2\/pages\/3400\/revisions\/4465"}],"up":[{"embeddable":true,"href":"https:\/\/zens.info\/en\/wp-json\/wp\/v2\/pages\/3323"}],"wp:featuredmedia":[{"embeddable":true,"href":"https:\/\/zens.info\/en\/wp-json\/wp\/v2\/media\/3414"}],"wp:attachment":[{"href":"https:\/\/zens.info\/en\/wp-json\/wp\/v2\/media?parent=3400"}],"wp:term":[{"taxonomy":"post_tag","embeddable":true,"href":"https:\/\/zens.info\/en\/wp-json\/wp\/v2\/tags?post=3400"}],"curies":[{"name":"wp","href":"https:\/\/api.w.org\/{rel}","templated":true}]}}