{"id":3401,"date":"2022-04-26T14:15:23","date_gmt":"2022-04-26T13:15:23","guid":{"rendered":"https:\/\/www.zens.info\/phot\/en\/?page_id=3401"},"modified":"2022-04-26T14:15:23","modified_gmt":"2022-04-26T13:15:23","slug":"museum-erde-magazin","status":"publish","type":"page","link":"https:\/\/zens.info\/en\/writing\/books\/museum-erde-magazin\/","title":{"rendered":"Museum Erde. Magazin"},"content":{"rendered":"<div class=\"book-single\">\n<p><img loading=\"lazy\" decoding=\"async\" class=\"alignnone size-full wp-image-3407\" src=\"https:\/\/www.zens.info\/phot\/en\/wp-content\/uploads\/2022\/04\/buch_museum.png\" alt=\"\" width=\"244\" height=\"335\" \/><\/p>\n<h2>Rosemarie Zens<br \/>\nMuseum Erde.Magazin<br \/>\nGedichte und Prosa<\/h2>\n<p>Klappentext zum Buch<br \/>\nIn Auseinandersetzung mit den uns bedr\u00e4ngenden Themen h\u00e4lt die Autorin an ihrer Art der Zeitgenossenschaft fest, n\u00e4mlich an der Genauigkeit der Beobachtung, um Dinge in Worte zu fassen &#8220; \u00fcber die wir die Sprache verloren haben&#8220;. St\u00e4ndig dieses Paradoxon vor Augen stellt sie dem lakonischen Ton bei der inneren und \u00e4u\u00dferen Bestandsaufnahme von Ereignissen des Aberwitzes und des Schreckens als einzig M\u00f6gliches den Klang und die Musikalit\u00e4t von Sprache zur Seite: den Klangreiz der W\u00f6rter auszusch\u00f6pfen, die rhythmische Kraft der Bildkombinationen und Wortfolgen hervorzuheben und durch beides das Vexierspiel mit den Bedeutungen voranzutreiben.<br \/>\nAls Chronistin der letzten Jahre dieses Jahrhunderts ist sie vor allem Zeugin f\u00fcr die Bereitschaft zum Widerstand, auch gegen sich selbst, indem sie \u00fcber ein bis ins Extreme Ausgeliefertsein an Widerspr\u00fcche schreibt, in denen das Wissen um die prek\u00e4re geistige Situation des Menschen kulminiert.<\/p>\n<p>Witzenhausen 1999<br \/>\nLeider vergriffen<\/p>\n<p>&nbsp;<\/p>\n<nav aria-label=\"breadcrumbs\">\n            <div class=\"breadcrumb-container theme1\">\n                <ol>\n                                    <\/ol>\n            <\/div>\n        <\/nav>    <script type=\"application\/ld+json\">\n        {\n            \"@context\": \"http:\/\/schema.org\",\n            \"@type\": \"BreadcrumbList\",\n            \"itemListElement\": [\n                            ]\n        }\n    <\/script>\n   \n    <script>\n            <\/script>\n\n<\/div>\n","protected":false},"excerpt":{"rendered":"<p>Gedichte und Prosa<br \/>\n1999<\/p>\n","protected":false},"author":2,"featured_media":3407,"parent":3323,"menu_order":1,"comment_status":"closed","ping_status":"closed","template":"template-text.php","meta":{"footnotes":""},"tags":[68],"class_list":["post-3401","page","type-page","status-publish","has-post-thumbnail","hentry","tag-book_writing"],"_links":{"self":[{"href":"https:\/\/zens.info\/en\/wp-json\/wp\/v2\/pages\/3401","targetHints":{"allow":["GET"]}}],"collection":[{"href":"https:\/\/zens.info\/en\/wp-json\/wp\/v2\/pages"}],"about":[{"href":"https:\/\/zens.info\/en\/wp-json\/wp\/v2\/types\/page"}],"author":[{"embeddable":true,"href":"https:\/\/zens.info\/en\/wp-json\/wp\/v2\/users\/2"}],"replies":[{"embeddable":true,"href":"https:\/\/zens.info\/en\/wp-json\/wp\/v2\/comments?post=3401"}],"version-history":[{"count":0,"href":"https:\/\/zens.info\/en\/wp-json\/wp\/v2\/pages\/3401\/revisions"}],"up":[{"embeddable":true,"href":"https:\/\/zens.info\/en\/wp-json\/wp\/v2\/pages\/3323"}],"wp:featuredmedia":[{"embeddable":true,"href":"https:\/\/zens.info\/en\/wp-json\/wp\/v2\/media\/3407"}],"wp:attachment":[{"href":"https:\/\/zens.info\/en\/wp-json\/wp\/v2\/media?parent=3401"}],"wp:term":[{"taxonomy":"post_tag","embeddable":true,"href":"https:\/\/zens.info\/en\/wp-json\/wp\/v2\/tags?post=3401"}],"curies":[{"name":"wp","href":"https:\/\/api.w.org\/{rel}","templated":true}]}}