{"id":3402,"date":"2022-04-26T14:19:04","date_gmt":"2022-04-26T13:19:04","guid":{"rendered":"https:\/\/www.zens.info\/phot\/en\/?page_id=3402"},"modified":"2022-04-26T14:19:04","modified_gmt":"2022-04-26T13:19:04","slug":"aus-dem-logbuch","status":"publish","type":"page","link":"https:\/\/zens.info\/en\/writing\/books\/aus-dem-logbuch\/","title":{"rendered":"Aus dem Logbuch"},"content":{"rendered":"<div class=\"book-single\">\n<p><img loading=\"lazy\" decoding=\"async\" class=\"alignnone size-full wp-image-3416\" src=\"https:\/\/www.zens.info\/phot\/en\/wp-content\/uploads\/2022\/04\/buch_logbuch.png\" alt=\"\" width=\"244\" height=\"335\" \/><\/p>\n<h2>Rosemarie Zens<br \/>\nAus dem Logbuch<br \/>\nGedichte<\/h2>\n<p>Klappentext zum Buch<br \/>\nRosemarie Zens&#8216; Gedichtzyklus versinnbildlicht uns die Urwelten eines lebensbildlichen Ichs durch die Kontinente. In der Begegnung mit der Entstehungsgeschichte der mythischen Sprachbilder werden diese nicht symbolisch-allegorisch &#8218;behandelt&#8216;, vielmehr neu assoziiert, mit Impressionen aufgeladen, verbunden mit Erfahrungen unbedingter Gegenwart, eigenwillig angeeignet von einem Ich, das sich einen eigenen Mythos schafft und bewu\u00dft Raum l\u00e4\u00dft f\u00fcr Schwingungen und Atmosph\u00e4re und Rhythmus in einer Weise, die einl\u00e4dt zu neuen Erfahrungen. Die poetische Kraft der Erz\u00e4hlgedichte &#8218;Aus dem Logbuch&#8216; will der Freiheit eines Geistes entsprechen, der sich allen Sinnen mitteilen kann: &#8218;Wir alle wollen ins Paradies unverz\u00fcglich mit Trommeln, Glocken und Gewehren.&#8216;<\/p>\n<p>Paula C. Georges<\/p>\n<p>Witzenhausen 2000<br \/>\nLeider vergriffen<\/p>\n<p>&nbsp;<\/p>\n<nav aria-label=\"breadcrumbs\">\n            <div class=\"breadcrumb-container theme1\">\n                <ol>\n                                    <\/ol>\n            <\/div>\n        <\/nav>    <script type=\"application\/ld+json\">\n        {\n            \"@context\": \"http:\/\/schema.org\",\n            \"@type\": \"BreadcrumbList\",\n            \"itemListElement\": [\n                            ]\n        }\n    <\/script>\n   \n    <script>\n            <\/script>\n\n<\/div>\n","protected":false},"excerpt":{"rendered":"<p>Gedichte<br \/>\n2000<\/p>\n","protected":false},"author":2,"featured_media":3416,"parent":3323,"menu_order":1,"comment_status":"closed","ping_status":"closed","template":"template-text.php","meta":{"footnotes":""},"tags":[68],"class_list":["post-3402","page","type-page","status-publish","has-post-thumbnail","hentry","tag-book_writing"],"_links":{"self":[{"href":"https:\/\/zens.info\/en\/wp-json\/wp\/v2\/pages\/3402","targetHints":{"allow":["GET"]}}],"collection":[{"href":"https:\/\/zens.info\/en\/wp-json\/wp\/v2\/pages"}],"about":[{"href":"https:\/\/zens.info\/en\/wp-json\/wp\/v2\/types\/page"}],"author":[{"embeddable":true,"href":"https:\/\/zens.info\/en\/wp-json\/wp\/v2\/users\/2"}],"replies":[{"embeddable":true,"href":"https:\/\/zens.info\/en\/wp-json\/wp\/v2\/comments?post=3402"}],"version-history":[{"count":0,"href":"https:\/\/zens.info\/en\/wp-json\/wp\/v2\/pages\/3402\/revisions"}],"up":[{"embeddable":true,"href":"https:\/\/zens.info\/en\/wp-json\/wp\/v2\/pages\/3323"}],"wp:featuredmedia":[{"embeddable":true,"href":"https:\/\/zens.info\/en\/wp-json\/wp\/v2\/media\/3416"}],"wp:attachment":[{"href":"https:\/\/zens.info\/en\/wp-json\/wp\/v2\/media?parent=3402"}],"wp:term":[{"taxonomy":"post_tag","embeddable":true,"href":"https:\/\/zens.info\/en\/wp-json\/wp\/v2\/tags?post=3402"}],"curies":[{"name":"wp","href":"https:\/\/api.w.org\/{rel}","templated":true}]}}