{"id":3403,"date":"2022-04-26T14:22:33","date_gmt":"2022-04-26T13:22:33","guid":{"rendered":"https:\/\/www.zens.info\/phot\/en\/?page_id=3403"},"modified":"2022-04-26T14:22:33","modified_gmt":"2022-04-26T13:22:33","slug":"lautlos-regenatem","status":"publish","type":"page","link":"https:\/\/zens.info\/en\/writing\/books\/lautlos-regenatem\/","title":{"rendered":"Lautlos. Regenatem"},"content":{"rendered":"<div class=\"book\">\n<p><img loading=\"lazy\" decoding=\"async\" class=\"alignnone size-full wp-image-3408\" src=\"https:\/\/www.zens.info\/phot\/en\/wp-content\/uploads\/2022\/04\/buch_regenatem.png\" alt=\"\" width=\"244\" height=\"335\" \/><\/p>\n<h2>Rosemarie Zens<br \/>\nLautlos. Regenatem<br \/>\nGedichte<\/h2>\n<p>mit Holzschnitten von Wilfried Bohne und Kompositionen f\u00fcr Stimme und E-Gitarre von Friedemann Graef<\/p>\n<p>Klappentext zum Buch<br \/>\nKlage, Trauer, Liebe, Abschied und Neubeginn im Kreislauf von Werden und Vergehen &#8211; diese Themen der Poesie aufgreifend zeigen sich Literatur, Kunst und Musik eigenst\u00e4ndig in ihrer Darstellung.<br \/>\n\u201eLautlos. Regenatem\u201c \u2013 in einem Dreiklang regen die verschiedenen Variationen von Formgebungen an, innerste vielf\u00e4ltige Wahrnehmungen erneut hervorzuzaubern. Sie sind auf geheimnisvolle Weise aufeinander bezogen: ansprechend in der Einfachheit der ausgew\u00e4hlten Gestalten, ausdrucksvoll in den raffinierten Blickwendungen der Bilder, geistesgegenw\u00e4rtig in der Komposition.<\/p>\n<p>Der Tropfen, der f\u00e4llt &#8211; und im Verschwinden Kreise zieht; die Welle, die bricht und ins Ganze zur\u00fcckflutet: f\u00fcr Augenblicke spiegelt sich in ihnen die Gleichzeitigkeit von Endlichkeit und Sein.<\/p>\n<p>Broschur, 24 x 17 cm<br \/>\nAPHAIA Verlag, Berlin 2002 &#8211; ISBN 3-926677-33-3 \/ EUR 15,00<\/p>\n<p>CD Lautlos. Regenatem<br \/>\nBestellungen \u00fcber <a title=\"Mail\" href=\"mailto:info@aphaia-verlag.de\">info@aphaia-verlag.de<\/a> oder in jeder Buchhandlung<\/p>\n<p>&nbsp;<\/p>\n<nav aria-label=\"breadcrumbs\">\n            <div class=\"breadcrumb-container theme1\">\n                <ol>\n                                    <\/ol>\n            <\/div>\n        <\/nav>    <script type=\"application\/ld+json\">\n        {\n            \"@context\": \"http:\/\/schema.org\",\n            \"@type\": \"BreadcrumbList\",\n            \"itemListElement\": [\n                            ]\n        }\n    <\/script>\n   \n    <script>\n            <\/script>\n\n<\/div>\n","protected":false},"excerpt":{"rendered":"<p>Gedichte<br \/>\n2002<\/p>\n","protected":false},"author":2,"featured_media":3408,"parent":3323,"menu_order":1,"comment_status":"closed","ping_status":"closed","template":"template-text.php","meta":{"footnotes":""},"tags":[68],"class_list":["post-3403","page","type-page","status-publish","has-post-thumbnail","hentry","tag-book_writing"],"_links":{"self":[{"href":"https:\/\/zens.info\/en\/wp-json\/wp\/v2\/pages\/3403","targetHints":{"allow":["GET"]}}],"collection":[{"href":"https:\/\/zens.info\/en\/wp-json\/wp\/v2\/pages"}],"about":[{"href":"https:\/\/zens.info\/en\/wp-json\/wp\/v2\/types\/page"}],"author":[{"embeddable":true,"href":"https:\/\/zens.info\/en\/wp-json\/wp\/v2\/users\/2"}],"replies":[{"embeddable":true,"href":"https:\/\/zens.info\/en\/wp-json\/wp\/v2\/comments?post=3403"}],"version-history":[{"count":0,"href":"https:\/\/zens.info\/en\/wp-json\/wp\/v2\/pages\/3403\/revisions"}],"up":[{"embeddable":true,"href":"https:\/\/zens.info\/en\/wp-json\/wp\/v2\/pages\/3323"}],"wp:featuredmedia":[{"embeddable":true,"href":"https:\/\/zens.info\/en\/wp-json\/wp\/v2\/media\/3408"}],"wp:attachment":[{"href":"https:\/\/zens.info\/en\/wp-json\/wp\/v2\/media?parent=3403"}],"wp:term":[{"taxonomy":"post_tag","embeddable":true,"href":"https:\/\/zens.info\/en\/wp-json\/wp\/v2\/tags?post=3403"}],"curies":[{"name":"wp","href":"https:\/\/api.w.org\/{rel}","templated":true}]}}