{"id":3404,"date":"2022-04-26T14:25:35","date_gmt":"2022-04-26T13:25:35","guid":{"rendered":"https:\/\/www.zens.info\/phot\/en\/?page_id=3404"},"modified":"2022-04-26T14:25:35","modified_gmt":"2022-04-26T13:25:35","slug":"als-gingen-wir-vorueber","status":"publish","type":"page","link":"https:\/\/zens.info\/en\/writing\/books\/als-gingen-wir-vorueber\/","title":{"rendered":"Als gingen wir vor\u00fcber"},"content":{"rendered":"<div class=\"book\">\n<p><img loading=\"lazy\" decoding=\"async\" class=\"alignnone size-full wp-image-3415\" src=\"https:\/\/www.zens.info\/phot\/en\/wp-content\/uploads\/2022\/04\/buch_alsgingen.png\" alt=\"\" width=\"244\" height=\"335\" \/><\/p>\n<h2>Rosemarie Zens <br \/>\nAls gingen wir vor\u00fcber <br \/>\nGedichte<\/h2>\n<p>21 Gedichte, drei ins Spanische \u00fcbertragen von Ursula Heinze de Lorenzo<br \/>\nGesamtgestaltung: EMILIO SDUN<br \/>\nMehrfarbige Original-Hochdruckgrafiken, Handsatz und Buchdruck auf der Korrex Andruckpresse; beigelegte mehrfarbige Typografik auf chinesischem Reispapier<br \/>\n40 Seiten im Format 27 x 19,5 cm<br \/>\nPapier: Tra\u00e7\u00e9 der Paterie Zuber Rieder (Spanien)<br \/>\n120 g \/ 350g \/ 160g<br \/>\nBucheinband von Christian Kl\u00fcnder, Berlin<\/p>\n<p>&nbsp;<\/p>\n<p>&nbsp;<\/p>\n<p>\u201eAls gingen wir vor\u00fcber\u201c \u2013 Titel, Gestaltung und Gedichte dieses K\u00fcnstlerbuches er\u00f6ffnen Wahrnehmungsr\u00e4ume, die \u00fcber das reine Sehen und Lesen hinaus anregen, auf syn\u00e4sthetische Weise Farben zu h\u00f6ren, Buchstaben anzufassen und Formen zu verr\u00fccken \u2013 entsprechend der Struktur der einzelnen Gedichte selbst. Diese suchen die Magie des Vergessens und Erinnerns an ein r\u00e4tselhaftes Herkunftsland hervorzuzaubern, in dem wir M\u00e4rchen und Mythen begegnen und an ihnen weiterschreiben in der Art von lustvollem Sprachexperiment und metaphysischem Spiel.<\/p>\n<p>\u201eAs if passing by\u201c \u2013 title, lay-out and the poems of this artistic book stimulate the reader to various perceptions and views. This works according to the structure of the poems themselves which allude to the magic of oblivion and recollection \u2013 reminder of a mysterious land, home of fairy-tales and myths, riddles, puzzles and a metaphysical play on words.<\/p>\n<p><a href=\"http:\/\/www.forumbookart.com\" target=\"_blank\" rel=\"noopener noreferrer\">www.forumbookart.com<\/a><\/p>\n<p>Gesamtauflage 50 Exemplare im Druckvermerk numeriert und signiert<br \/>\n\u00a9 APHAIA VERLAG, Berlin 2003<br \/>\nK\u00fcnstlerbuch \/ ISBN 3-926677-36-8 \/ EUR 90,00<\/p>\n<p>Bestellungen \u00fcber <a title=\"Mail\" href=\"mailto:info@aphaia-verlag.de\">info@aphaia-verlag.de<\/a> oder in jeder Buchhandlung<\/p>\n<p>&nbsp;<\/p>\n<nav aria-label=\"breadcrumbs\">\n            <div class=\"breadcrumb-container theme1\">\n                <ol>\n                                    <\/ol>\n            <\/div>\n        <\/nav>    <script type=\"application\/ld+json\">\n        {\n            \"@context\": \"http:\/\/schema.org\",\n            \"@type\": \"BreadcrumbList\",\n            \"itemListElement\": [\n                            ]\n        }\n    <\/script>\n   \n    <script>\n            <\/script>\n\n<\/div>\n","protected":false},"excerpt":{"rendered":"<p>Gedichte<br \/>\n2003<\/p>\n","protected":false},"author":2,"featured_media":3415,"parent":3323,"menu_order":1,"comment_status":"closed","ping_status":"closed","template":"template-text.php","meta":{"footnotes":""},"tags":[68],"class_list":["post-3404","page","type-page","status-publish","has-post-thumbnail","hentry","tag-book_writing"],"_links":{"self":[{"href":"https:\/\/zens.info\/en\/wp-json\/wp\/v2\/pages\/3404","targetHints":{"allow":["GET"]}}],"collection":[{"href":"https:\/\/zens.info\/en\/wp-json\/wp\/v2\/pages"}],"about":[{"href":"https:\/\/zens.info\/en\/wp-json\/wp\/v2\/types\/page"}],"author":[{"embeddable":true,"href":"https:\/\/zens.info\/en\/wp-json\/wp\/v2\/users\/2"}],"replies":[{"embeddable":true,"href":"https:\/\/zens.info\/en\/wp-json\/wp\/v2\/comments?post=3404"}],"version-history":[{"count":0,"href":"https:\/\/zens.info\/en\/wp-json\/wp\/v2\/pages\/3404\/revisions"}],"up":[{"embeddable":true,"href":"https:\/\/zens.info\/en\/wp-json\/wp\/v2\/pages\/3323"}],"wp:featuredmedia":[{"embeddable":true,"href":"https:\/\/zens.info\/en\/wp-json\/wp\/v2\/media\/3415"}],"wp:attachment":[{"href":"https:\/\/zens.info\/en\/wp-json\/wp\/v2\/media?parent=3404"}],"wp:term":[{"taxonomy":"post_tag","embeddable":true,"href":"https:\/\/zens.info\/en\/wp-json\/wp\/v2\/tags?post=3404"}],"curies":[{"name":"wp","href":"https:\/\/api.w.org\/{rel}","templated":true}]}}