{"id":3423,"date":"2022-04-26T14:29:57","date_gmt":"2022-04-26T13:29:57","guid":{"rendered":"https:\/\/www.zens.info\/phot\/en\/?page_id=3423"},"modified":"2022-04-26T14:29:57","modified_gmt":"2022-04-26T13:29:57","slug":"oberhalb-der-solarsegel","status":"publish","type":"page","link":"https:\/\/zens.info\/en\/writing\/books\/oberhalb-der-solarsegel\/","title":{"rendered":"Oberhalb der Solarsegel"},"content":{"rendered":"<div class=\"book\">\n<p><img loading=\"lazy\" decoding=\"async\" class=\"alignnone size-full wp-image-3409\" src=\"https:\/\/www.zens.info\/phot\/en\/wp-content\/uploads\/2022\/04\/buch_solar.png\" alt=\"\" width=\"244\" height=\"335\" \/><\/p>\n<h2>Rosemarie Zens <br \/>\nOberhalb der Solarsegel<br \/>\nNotationen nach der Natur<\/h2>\n<p>Gedichtzyklus<\/p>\n<p>Dichtkunst l\u00e4sst sich als ein Raum der Erinnerung wahrnehmen: Erinnerung an unsere Urspr\u00fcnge, Ur\u00e4ngste und -sehns\u00fcchte, an unsere Urmythen und kann darin verstanden werden als eine Urmelodie, ein Widerhall, gemacht und gedacht zur best\u00e4ndig fortlaufenden Kl\u00e4rung.<\/p>\n<p>Klarheit, in diesem Sinne zum Hellsehen, in die Zukunft nur, wenn sie, die Dichtkunst, sich dem Vergangenen vergewissert hat, der Wurzeln, die uns vorausliegen und uns vorauszeigen, wie der dunkle Raum auszuf\u00fcllen sei: mit Geschrei oder Gesang. Dies eine t\u00e4gliche Entscheidung, um im Abbilden, Widerklang und Widerstand, auch gegen uns selbst, Wirklichkeiten zu finden \u2013 die Herausforderung zur sch\u00f6pferischen Form. Wie in den Sprachbildern der Mythen, die den Blick nach innen \u00f6ffnen. Als eine Art gemeinsames Ged\u00e4chtnis der Menschheit, indem die voneinander getrennte innere und \u00e4u\u00dfere Welt eins wird und im Empfinden identit\u00e4tsstiftend wirkt.<\/p>\n<p>Wenn Freud die Trieblehre als unsere Mythologie bezeichnet \u00abDie Triebe sind mythische Wesen. Gro\u00dfartig in ihrer Unbestimmtheit\u00bb k\u00f6nnen wir diese Unbestimmtheit heute soweit fassen, dass wir entsprechend der DNA als dem genetischen &#8222;Code&#8220; der belebten Natur im Mythos den poetischen Code des menschlichen Geistes sehen.<\/p>\n<p>Broschur, 21 x 13,5 cm<br \/>\nVerlag DIE SCHEUNE Dresden 2004 \/ ISBN 3-89086-577-1 \/ EUR 12,00<br \/>\nBestellungen \u00fcber den <a href=\"http:\/\/www.rimbaud.de\" target=\"_blank\" rel=\"noopener noreferrer\">Rimbaud Verlag Aachen<\/a><br \/>\nOder order direkt: <a title=\"Mail\" href=\"mailto:orderdirekt@gmail.com\">orderdirekt@gmail.com<\/a><\/p>\n<p>&nbsp;<\/p>\n<h2><a title=\"Oberhalb der Solarsegel (2005)\" href=\"http:\/\/www.zens.info\/phot\/de\/literatur\/ktitik\/oberhalb-der-solarsegel-2005\/\">Kritik<\/a><\/h2>\n<p>&nbsp;<\/p>\n<nav aria-label=\"breadcrumbs\">\n            <div class=\"breadcrumb-container theme1\">\n                <ol>\n                                    <\/ol>\n            <\/div>\n        <\/nav>    <script type=\"application\/ld+json\">\n        {\n            \"@context\": \"http:\/\/schema.org\",\n            \"@type\": \"BreadcrumbList\",\n            \"itemListElement\": [\n                            ]\n        }\n    <\/script>\n   \n    <script>\n            <\/script>\n\n<\/div>\n","protected":false},"excerpt":{"rendered":"<p>Gedichtzyklus<br \/>\n2004<\/p>\n","protected":false},"author":2,"featured_media":3409,"parent":3323,"menu_order":1,"comment_status":"closed","ping_status":"closed","template":"template-text.php","meta":{"footnotes":""},"tags":[68],"class_list":["post-3423","page","type-page","status-publish","has-post-thumbnail","hentry","tag-book_writing"],"_links":{"self":[{"href":"https:\/\/zens.info\/en\/wp-json\/wp\/v2\/pages\/3423","targetHints":{"allow":["GET"]}}],"collection":[{"href":"https:\/\/zens.info\/en\/wp-json\/wp\/v2\/pages"}],"about":[{"href":"https:\/\/zens.info\/en\/wp-json\/wp\/v2\/types\/page"}],"author":[{"embeddable":true,"href":"https:\/\/zens.info\/en\/wp-json\/wp\/v2\/users\/2"}],"replies":[{"embeddable":true,"href":"https:\/\/zens.info\/en\/wp-json\/wp\/v2\/comments?post=3423"}],"version-history":[{"count":0,"href":"https:\/\/zens.info\/en\/wp-json\/wp\/v2\/pages\/3423\/revisions"}],"up":[{"embeddable":true,"href":"https:\/\/zens.info\/en\/wp-json\/wp\/v2\/pages\/3323"}],"wp:featuredmedia":[{"embeddable":true,"href":"https:\/\/zens.info\/en\/wp-json\/wp\/v2\/media\/3409"}],"wp:attachment":[{"href":"https:\/\/zens.info\/en\/wp-json\/wp\/v2\/media?parent=3423"}],"wp:term":[{"taxonomy":"post_tag","embeddable":true,"href":"https:\/\/zens.info\/en\/wp-json\/wp\/v2\/tags?post=3423"}],"curies":[{"name":"wp","href":"https:\/\/api.w.org\/{rel}","templated":true}]}}